{"id":23,"date":"2021-09-14T13:05:26","date_gmt":"2021-09-14T13:05:26","guid":{"rendered":"https:\/\/karunatherapie.com\/?page_id=23"},"modified":"2024-12-13T13:52:28","modified_gmt":"2024-12-13T13:52:28","slug":"a-propos","status":"publish","type":"page","link":"https:\/\/karunatherapie.com\/?page_id=23","title":{"rendered":"\u00c0 Propos"},"content":{"rendered":"\t\t<div data-elementor-type=\"wp-page\" data-elementor-id=\"23\" class=\"elementor elementor-23\">\n\t\t\t\t\t\t\t\t\t<section class=\"elementor-section elementor-top-section elementor-element elementor-element-3af0de1 elementor-section-boxed elementor-section-height-default elementor-section-height-default\" data-id=\"3af0de1\" data-element_type=\"section\">\n\t\t\t\t\t\t<div class=\"elementor-container elementor-column-gap-default\">\n\t\t\t\t\t<div class=\"elementor-column elementor-col-100 elementor-top-column elementor-element elementor-element-1aee4ca\" data-id=\"1aee4ca\" data-element_type=\"column\">\n\t\t\t<div class=\"elementor-widget-wrap elementor-element-populated\">\n\t\t\t\t\t\t\t\t<div class=\"elementor-element elementor-element-855c660 elementor-widget elementor-widget-heading\" data-id=\"855c660\" data-element_type=\"widget\" data-widget_type=\"heading.default\">\n\t\t\t\t<div class=\"elementor-widget-container\">\n\t\t\t<style>\/*! elementor - v3.7.8 - 02-10-2022 *\/\n.elementor-heading-title{padding:0;margin:0;line-height:1}.elementor-widget-heading .elementor-heading-title[class*=elementor-size-]>a{color:inherit;font-size:inherit;line-height:inherit}.elementor-widget-heading .elementor-heading-title.elementor-size-small{font-size:15px}.elementor-widget-heading .elementor-heading-title.elementor-size-medium{font-size:19px}.elementor-widget-heading .elementor-heading-title.elementor-size-large{font-size:29px}.elementor-widget-heading .elementor-heading-title.elementor-size-xl{font-size:39px}.elementor-widget-heading .elementor-heading-title.elementor-size-xxl{font-size:59px}<\/style><h2 class=\"elementor-heading-title elementor-size-default\">- Karuna Therapie - <\/h2>\t\t<\/div>\n\t\t\t\t<\/div>\n\t\t\t\t\t<\/div>\n\t\t<\/div>\n\t\t\t\t\t\t\t<\/div>\n\t\t<\/section>\n\t\t\t\t<section class=\"elementor-section elementor-top-section elementor-element elementor-element-840b5f1 elementor-section-boxed elementor-section-height-default elementor-section-height-default\" data-id=\"840b5f1\" data-element_type=\"section\">\n\t\t\t\t\t\t<div class=\"elementor-container elementor-column-gap-default\">\n\t\t\t\t\t<div class=\"elementor-column elementor-col-50 elementor-top-column elementor-element elementor-element-6564929\" data-id=\"6564929\" data-element_type=\"column\">\n\t\t\t<div class=\"elementor-widget-wrap elementor-element-populated\">\n\t\t\t\t\t\t\t\t<div class=\"elementor-element elementor-element-d5411ea elementor-widget elementor-widget-image\" data-id=\"d5411ea\" data-element_type=\"widget\" data-widget_type=\"image.default\">\n\t\t\t\t<div class=\"elementor-widget-container\">\n\t\t\t<style>\/*! elementor - v3.7.8 - 02-10-2022 *\/\n.elementor-widget-image{text-align:center}.elementor-widget-image a{display:inline-block}.elementor-widget-image a img[src$=\".svg\"]{width:48px}.elementor-widget-image img{vertical-align:middle;display:inline-block}<\/style>\t\t\t\t\t\t\t\t\t\t\t\t<img width=\"731\" height=\"1024\" src=\"https:\/\/karunatherapie.com\/wp-content\/uploads\/2024\/12\/Vincent_\u252c\u00aeAlineBovardRudaz_01-731x1024.jpg\" class=\"attachment-large size-large\" alt=\"\" loading=\"lazy\" srcset=\"https:\/\/karunatherapie.com\/wp-content\/uploads\/2024\/12\/Vincent_\u252c\u00aeAlineBovardRudaz_01-731x1024.jpg 731w, https:\/\/karunatherapie.com\/wp-content\/uploads\/2024\/12\/Vincent_\u252c\u00aeAlineBovardRudaz_01-214x300.jpg 214w, https:\/\/karunatherapie.com\/wp-content\/uploads\/2024\/12\/Vincent_\u252c\u00aeAlineBovardRudaz_01-768x1075.jpg 768w, https:\/\/karunatherapie.com\/wp-content\/uploads\/2024\/12\/Vincent_\u252c\u00aeAlineBovardRudaz_01-1097x1536.jpg 1097w, https:\/\/karunatherapie.com\/wp-content\/uploads\/2024\/12\/Vincent_\u252c\u00aeAlineBovardRudaz_01-1463x2048.jpg 1463w, https:\/\/karunatherapie.com\/wp-content\/uploads\/2024\/12\/Vincent_\u252c\u00aeAlineBovardRudaz_01-1568x2195.jpg 1568w, https:\/\/karunatherapie.com\/wp-content\/uploads\/2024\/12\/Vincent_\u252c\u00aeAlineBovardRudaz_01-scaled.jpg 1829w\" sizes=\"(max-width: 731px) 100vw, 731px\" \/>\t\t\t\t\t\t\t\t\t\t\t\t\t\t\t<\/div>\n\t\t\t\t<\/div>\n\t\t\t\t\t<\/div>\n\t\t<\/div>\n\t\t\t\t<div class=\"elementor-column elementor-col-50 elementor-top-column elementor-element elementor-element-5739285\" data-id=\"5739285\" data-element_type=\"column\">\n\t\t\t<div class=\"elementor-widget-wrap elementor-element-populated\">\n\t\t\t\t\t\t\t\t<div class=\"elementor-element elementor-element-77444ff elementor-widget elementor-widget-text-editor\" data-id=\"77444ff\" data-element_type=\"widget\" data-widget_type=\"text-editor.default\">\n\t\t\t\t<div class=\"elementor-widget-container\">\n\t\t\t<style>\/*! elementor - v3.7.8 - 02-10-2022 *\/\n.elementor-widget-text-editor.elementor-drop-cap-view-stacked .elementor-drop-cap{background-color:#818a91;color:#fff}.elementor-widget-text-editor.elementor-drop-cap-view-framed .elementor-drop-cap{color:#818a91;border:3px solid;background-color:transparent}.elementor-widget-text-editor:not(.elementor-drop-cap-view-default) .elementor-drop-cap{margin-top:8px}.elementor-widget-text-editor:not(.elementor-drop-cap-view-default) .elementor-drop-cap-letter{width:1em;height:1em}.elementor-widget-text-editor .elementor-drop-cap{float:left;text-align:center;line-height:1;font-size:50px}.elementor-widget-text-editor .elementor-drop-cap-letter{display:inline-block}<\/style>\t\t\t\t<p>Bonjour \u00e0 tous.<\/p><p>Je m&#8217;appelle Vincent et suis originaire de Gen\u00e8ve.<\/p><p>Mon parcours de Th\u00e9rapeute d\u00e9bute en 2019. Suite \u00e0 l&#8217;obtention de mon dipl\u00f4me \u00e0 l&#8217;Ecole H\u00f4teli\u00e8re de Gen\u00e8ve, je d\u00e9cide de prendre une ann\u00e9e sabbatique.<br \/>Plusieurs retraites spirituelles en Inde et en Am\u00e9rique Centrale m&#8217;incite \u00e0 d\u00e9velopper une pratique journali\u00e8re de yoga &amp; m\u00e9ditation qui va m&#8217;amener \u00e0 red\u00e9finir mes choix de vie. Le d\u00e9sir d&#8217;aider les autres et de participer \u00e0 un monde meilleur s&#8217;ancre alors profond\u00e9ment en moi.<\/p>\t\t\t\t\t\t<\/div>\n\t\t\t\t<\/div>\n\t\t\t\t\t<\/div>\n\t\t<\/div>\n\t\t\t\t\t\t\t<\/div>\n\t\t<\/section>\n\t\t\t\t<section class=\"elementor-section elementor-top-section elementor-element elementor-element-ddb10b5 elementor-section-boxed elementor-section-height-default elementor-section-height-default\" data-id=\"ddb10b5\" data-element_type=\"section\">\n\t\t\t\t\t\t<div class=\"elementor-container elementor-column-gap-default\">\n\t\t\t\t\t<div class=\"elementor-column elementor-col-100 elementor-top-column elementor-element elementor-element-98bde5f\" data-id=\"98bde5f\" data-element_type=\"column\">\n\t\t\t<div class=\"elementor-widget-wrap elementor-element-populated\">\n\t\t\t\t\t\t\t\t<div class=\"elementor-element elementor-element-e32dfc2 elementor-widget elementor-widget-text-editor\" data-id=\"e32dfc2\" data-element_type=\"widget\" data-widget_type=\"text-editor.default\">\n\t\t\t\t<div class=\"elementor-widget-container\">\n\t\t\t\t\t\t\t<p>C&#8217;est avec le massage que je commence mon parcours de th\u00e9rapeute. S&#8217;ensuivent alors plusieures formations de massages ainsi que l&#8217;obtention de mon dipl\u00f4me d&#8217;enseigant de Yoga et m\u00e9ditation \u00e0 l&#8217;\u00e9cole Hridaya Yoga. Je continue alors \u00e0 me former en M\u00e9decine Ayurv\u00e9dique et en yoga-th\u00e9rapie sur plusieures ann\u00e9es.\u00a0<\/p><p>\u00a0<\/p><p>C&#8217;est actuellement la m\u00e9decine Ayurv\u00e9dique, la nutrition, la yoga-th\u00e9rapie et les massages au sol qui repr\u00e9sente le coeur de mon identit\u00e9 th\u00e9rapeutique.<\/p><p>\u00a0<\/p><p>Mon chemin personnel m&#8217;a amener \u00e0 rencontrer divers troubles digestifs au cours de ces 6 derni\u00e8res ann\u00e9es. C&#8217;est pourquoi aujourd&#8217;hui et fort de mon exp\u00e9rience, <b>je me sp\u00e9cialise dans l&#8217;accompagnement en lien avec des troubles digestifs.<\/b><\/p><p>\u00a0<\/p><p>L&#8217; Ayurveda et le yoga \u00e9tant des sources in\u00e9puisables de connaissance, je continue \u00e0 me former chaques ann\u00e9es pour approfondir et raffiner ma pratique d&#8217;accompagnement th\u00e9rapeutique.<\/p>\t\t\t\t\t\t<\/div>\n\t\t\t\t<\/div>\n\t\t\t\t\t<\/div>\n\t\t<\/div>\n\t\t\t\t\t\t\t<\/div>\n\t\t<\/section>\n\t\t\t\t<section class=\"elementor-section elementor-top-section elementor-element elementor-element-626c355 elementor-section-boxed elementor-section-height-default elementor-section-height-default\" data-id=\"626c355\" data-element_type=\"section\">\n\t\t\t\t\t\t<div class=\"elementor-container elementor-column-gap-default\">\n\t\t\t\t\t<div class=\"elementor-column elementor-col-100 elementor-top-column elementor-element elementor-element-bec220e\" data-id=\"bec220e\" data-element_type=\"column\">\n\t\t\t<div class=\"elementor-widget-wrap elementor-element-populated\">\n\t\t\t\t\t\t\t\t<div class=\"elementor-element elementor-element-1667299 elementor-widget-divider--view-line elementor-widget elementor-widget-divider\" data-id=\"1667299\" data-element_type=\"widget\" data-widget_type=\"divider.default\">\n\t\t\t\t<div class=\"elementor-widget-container\">\n\t\t\t<style>\/*! elementor - v3.7.8 - 02-10-2022 *\/\n.elementor-widget-divider{--divider-border-style:none;--divider-border-width:1px;--divider-color:#2c2c2c;--divider-icon-size:20px;--divider-element-spacing:10px;--divider-pattern-height:24px;--divider-pattern-size:20px;--divider-pattern-url:none;--divider-pattern-repeat:repeat-x}.elementor-widget-divider .elementor-divider{display:-webkit-box;display:-ms-flexbox;display:flex}.elementor-widget-divider .elementor-divider__text{font-size:15px;line-height:1;max-width:95%}.elementor-widget-divider .elementor-divider__element{margin:0 var(--divider-element-spacing);-ms-flex-negative:0;flex-shrink:0}.elementor-widget-divider .elementor-icon{font-size:var(--divider-icon-size)}.elementor-widget-divider .elementor-divider-separator{display:-webkit-box;display:-ms-flexbox;display:flex;margin:0;direction:ltr}.elementor-widget-divider--view-line_icon .elementor-divider-separator,.elementor-widget-divider--view-line_text .elementor-divider-separator{-webkit-box-align:center;-ms-flex-align:center;align-items:center}.elementor-widget-divider--view-line_icon .elementor-divider-separator:after,.elementor-widget-divider--view-line_icon .elementor-divider-separator:before,.elementor-widget-divider--view-line_text .elementor-divider-separator:after,.elementor-widget-divider--view-line_text .elementor-divider-separator:before{display:block;content:\"\";border-bottom:0;-webkit-box-flex:1;-ms-flex-positive:1;flex-grow:1;border-top:var(--divider-border-width) var(--divider-border-style) var(--divider-color)}.elementor-widget-divider--element-align-left .elementor-divider .elementor-divider-separator>.elementor-divider__svg:first-of-type{-webkit-box-flex:0;-ms-flex-positive:0;flex-grow:0;-ms-flex-negative:100;flex-shrink:100}.elementor-widget-divider--element-align-left .elementor-divider-separator:before{content:none}.elementor-widget-divider--element-align-left .elementor-divider__element{margin-left:0}.elementor-widget-divider--element-align-right .elementor-divider .elementor-divider-separator>.elementor-divider__svg:last-of-type{-webkit-box-flex:0;-ms-flex-positive:0;flex-grow:0;-ms-flex-negative:100;flex-shrink:100}.elementor-widget-divider--element-align-right .elementor-divider-separator:after{content:none}.elementor-widget-divider--element-align-right .elementor-divider__element{margin-right:0}.elementor-widget-divider:not(.elementor-widget-divider--view-line_text):not(.elementor-widget-divider--view-line_icon) .elementor-divider-separator{border-top:var(--divider-border-width) var(--divider-border-style) var(--divider-color)}.elementor-widget-divider--separator-type-pattern{--divider-border-style:none}.elementor-widget-divider--separator-type-pattern.elementor-widget-divider--view-line .elementor-divider-separator,.elementor-widget-divider--separator-type-pattern:not(.elementor-widget-divider--view-line) .elementor-divider-separator:after,.elementor-widget-divider--separator-type-pattern:not(.elementor-widget-divider--view-line) .elementor-divider-separator:before,.elementor-widget-divider--separator-type-pattern:not([class*=elementor-widget-divider--view]) .elementor-divider-separator{width:100%;min-height:var(--divider-pattern-height);-webkit-mask-size:var(--divider-pattern-size) 100%;mask-size:var(--divider-pattern-size) 100%;-webkit-mask-repeat:var(--divider-pattern-repeat);mask-repeat:var(--divider-pattern-repeat);background-color:var(--divider-color);-webkit-mask-image:var(--divider-pattern-url);mask-image:var(--divider-pattern-url)}.elementor-widget-divider--no-spacing{--divider-pattern-size:auto}.elementor-widget-divider--bg-round{--divider-pattern-repeat:round}.rtl .elementor-widget-divider .elementor-divider__text{direction:rtl}.e-container>.elementor-widget-divider{width:var(--container-widget-width,100%);--flex-grow:var(--container-widget-flex-grow,0)}<\/style>\t\t<div class=\"elementor-divider\">\n\t\t\t<span class=\"elementor-divider-separator\">\n\t\t\t\t\t\t<\/span>\n\t\t<\/div>\n\t\t\t\t<\/div>\n\t\t\t\t<\/div>\n\t\t\t\t\t<\/div>\n\t\t<\/div>\n\t\t\t\t\t\t\t<\/div>\n\t\t<\/section>\n\t\t\t\t<section class=\"elementor-section elementor-top-section elementor-element elementor-element-6a1fbde elementor-section-boxed elementor-section-height-default elementor-section-height-default\" data-id=\"6a1fbde\" data-element_type=\"section\">\n\t\t\t\t\t\t<div class=\"elementor-container elementor-column-gap-default\">\n\t\t\t\t\t<div class=\"elementor-column elementor-col-100 elementor-top-column elementor-element elementor-element-5164df6\" data-id=\"5164df6\" data-element_type=\"column\">\n\t\t\t<div class=\"elementor-widget-wrap elementor-element-populated\">\n\t\t\t\t\t\t\t\t<div class=\"elementor-element elementor-element-b2ebfbb elementor-widget elementor-widget-text-editor\" data-id=\"b2ebfbb\" data-element_type=\"widget\" data-widget_type=\"text-editor.default\">\n\t\t\t\t<div class=\"elementor-widget-container\">\n\t\t\t\t\t\t\t<p class=\"has-text-align-center\"><strong><em>&#8220;Lorsque nous donnons joyeusement et acceptons <\/em><\/strong><br><strong><em>avec gratitude,<\/em><\/strong> <strong><em>tout le monde est b\u00e9ni&#8221;<\/em><\/strong><\/p>\n<p class=\"has-text-align-center\"><span style=\"color: var( --e-global-color-text ); font-family: var( --e-global-typography-text-font-family ), Sans-serif; font-size: 1rem;\"><i>~ Maya Angelou ~<\/i><\/span><strong><em><br><\/em><\/strong><\/p><p><\/p>\t\t\t\t\t\t<\/div>\n\t\t\t\t<\/div>\n\t\t\t\t\t<\/div>\n\t\t<\/div>\n\t\t\t\t\t\t\t<\/div>\n\t\t<\/section>\n\t\t\t\t<section class=\"elementor-section elementor-top-section elementor-element elementor-element-244d423 elementor-section-boxed elementor-section-height-default elementor-section-height-default\" data-id=\"244d423\" data-element_type=\"section\">\n\t\t\t\t\t\t<div class=\"elementor-container elementor-column-gap-default\">\n\t\t\t\t\t<div class=\"elementor-column elementor-col-100 elementor-top-column elementor-element elementor-element-8031f15\" data-id=\"8031f15\" data-element_type=\"column\">\n\t\t\t<div class=\"elementor-widget-wrap elementor-element-populated\">\n\t\t\t\t\t\t\t\t<div class=\"elementor-element elementor-element-91dabf7 elementor-widget-divider--view-line elementor-widget elementor-widget-divider\" data-id=\"91dabf7\" data-element_type=\"widget\" data-widget_type=\"divider.default\">\n\t\t\t\t<div class=\"elementor-widget-container\">\n\t\t\t\t\t<div class=\"elementor-divider\">\n\t\t\t<span class=\"elementor-divider-separator\">\n\t\t\t\t\t\t<\/span>\n\t\t<\/div>\n\t\t\t\t<\/div>\n\t\t\t\t<\/div>\n\t\t\t\t\t<\/div>\n\t\t<\/div>\n\t\t\t\t\t\t\t<\/div>\n\t\t<\/section>\n\t\t\t\t<section class=\"elementor-section elementor-top-section elementor-element elementor-element-b3e3823 elementor-section-boxed elementor-section-height-default elementor-section-height-default\" data-id=\"b3e3823\" data-element_type=\"section\">\n\t\t\t\t\t\t<div class=\"elementor-container elementor-column-gap-default\">\n\t\t\t\t\t<div class=\"elementor-column elementor-col-100 elementor-top-column elementor-element elementor-element-e49af2e\" data-id=\"e49af2e\" data-element_type=\"column\">\n\t\t\t<div class=\"elementor-widget-wrap elementor-element-populated\">\n\t\t\t\t\t\t\t\t<div class=\"elementor-element elementor-element-8daae99 elementor-widget elementor-widget-text-editor\" data-id=\"8daae99\" data-element_type=\"widget\" data-widget_type=\"text-editor.default\">\n\t\t\t\t<div class=\"elementor-widget-container\">\n\t\t\t\t\t\t\t<p class=\"has-text-align-center has-huge-font-size\"><strong>Mon parcours<\/strong> <strong>th\u00e9rapeutique en bref<\/strong><\/p>\t\t\t\t\t\t<\/div>\n\t\t\t\t<\/div>\n\t\t\t\t\t<\/div>\n\t\t<\/div>\n\t\t\t\t\t\t\t<\/div>\n\t\t<\/section>\n\t\t\t\t<section class=\"elementor-section elementor-top-section elementor-element elementor-element-03e5ca8 elementor-section-boxed elementor-section-height-default elementor-section-height-default\" data-id=\"03e5ca8\" data-element_type=\"section\">\n\t\t\t\t\t\t<div class=\"elementor-container elementor-column-gap-default\">\n\t\t\t\t\t<div class=\"elementor-column elementor-col-100 elementor-top-column elementor-element elementor-element-30f1b6f\" data-id=\"30f1b6f\" data-element_type=\"column\">\n\t\t\t<div class=\"elementor-widget-wrap elementor-element-populated\">\n\t\t\t\t\t\t\t\t<div class=\"elementor-element elementor-element-e4dd2a0 elementor-widget elementor-widget-text-editor\" data-id=\"e4dd2a0\" data-element_type=\"widget\" data-widget_type=\"text-editor.default\">\n\t\t\t\t<div class=\"elementor-widget-container\">\n\t\t\t\t\t\t\t<p><strong>Reiki niveau 1 et 2<\/strong><br \/>Janvier 2019 &#8211; Lac Atitlan, Guatemala<\/p><p>\u00a0<\/p><p><strong>Massage classique -250h<\/strong><br \/>Dipl\u00f4me\u00a0 certifi\u00e9\u00a0 ASCA &amp; RME &#8211; Ecole TCMA\u00a0\u00a0\u00a0<br \/>Juin &#8211; juillet 2019 &#8211; Gen\u00e8ve, Suisse<\/p><p>\u00a0<\/p><p><strong>Tha\u00ef Yoga Massage -179.5h<\/strong><br \/>Dipl\u00f4me certifi\u00e9 ASCA &#8211; Ecole Acorps&amp;Ame<br \/>Oct. 2019 &#8211; Sept. 2020 &#8211; Gen\u00e8ve, Suisse<\/p><p>\u00a0<\/p><p><strong>Anatomie, physiologie et pathologie cyle 1 &#8211; 168h<\/strong><br \/>Dipl\u00f4me certifi\u00e9 ASCA\u00a0 &#8211; Ecole Acorps&amp;Ame<br \/>Oct. 2019 &#8211; Sept. 2020 &#8211; Gen\u00e8ve, Suisse<\/p><p>\u00a0<\/p><p><strong>Enseignant de Hatha Yoga &#8211; 500h<\/strong><br \/>Dipl\u00f4me certifi\u00e9 Yoga Alliance<br \/>Sept. &#8211; Dec. 2020 &#8211; Hridaya Yoga, France<\/p><p>\u00a0<\/p><p><strong>Dipl\u00f4me f\u00e9d\u00e9ral de Th\u00e9rapeute en Ayurveda<\/strong><br \/>Formation en cours au sein d&#8217;Usha Veda &amp; de l&#8217;\u00e9cole d&#8217;ayurveda<br \/>F\u00e9v. 2021 &#8211; jusqu&#8217;en 2025 &#8211; Suisse<\/p><p>\u00a0<\/p><p><strong>Dipl\u00f4me Europ\u00e9en en acupressure th\u00e9rapeutique issu du massage Tha\u00eflandais<\/strong><br \/>Formation au sein de Sensip School<br \/>Juillet 2021 &#8211; hiver 2023 \u00a0 &#8211; Aubenas, France<\/p><p>\u00a0<\/p><p><strong>Formation Tha\u00ef vedic &#8211; Ayurveda &amp; yoga-therapie<\/strong><br \/>Formation \u00e0 l&#8217;institut Tha\u00efVedic<br \/>Juin &#8211; Ao\u00fbt 2023 \u00a0 &#8211; Tha\u00eflande<\/p><p>\u00a0<\/p><p><strong>Formation en Ostheotha\u00ef &#8211; Lulyani<\/strong><br \/>Formation associant osth\u00e9opathie et massage tha\u00eflandais<br \/>Novembre 2024\u00a0 jusqu&#8217;en&#8230;ind\u00e9termin\u00e9 &#8211; France<\/p><p>\u00a0<\/p><p>\u00a0<\/p><p>\u00a0<\/p>\t\t\t\t\t\t<\/div>\n\t\t\t\t<\/div>\n\t\t\t\t\t<\/div>\n\t\t<\/div>\n\t\t\t\t\t\t\t<\/div>\n\t\t<\/section>\n\t\t\t\t<section class=\"elementor-section elementor-top-section elementor-element elementor-element-673b381 elementor-section-boxed elementor-section-height-default elementor-section-height-default\" data-id=\"673b381\" data-element_type=\"section\">\n\t\t\t\t\t\t<div class=\"elementor-container elementor-column-gap-default\">\n\t\t\t\t\t<div class=\"elementor-column elementor-col-100 elementor-top-column elementor-element elementor-element-64ffa04\" data-id=\"64ffa04\" data-element_type=\"column\">\n\t\t\t<div class=\"elementor-widget-wrap elementor-element-populated\">\n\t\t\t\t\t\t\t\t<div class=\"elementor-element elementor-element-09821ca elementor-widget-divider--view-line elementor-widget elementor-widget-divider\" data-id=\"09821ca\" data-element_type=\"widget\" data-widget_type=\"divider.default\">\n\t\t\t\t<div class=\"elementor-widget-container\">\n\t\t\t\t\t<div class=\"elementor-divider\">\n\t\t\t<span class=\"elementor-divider-separator\">\n\t\t\t\t\t\t<\/span>\n\t\t<\/div>\n\t\t\t\t<\/div>\n\t\t\t\t<\/div>\n\t\t\t\t<div class=\"elementor-element elementor-element-7ec4d9e elementor-widget elementor-widget-image\" data-id=\"7ec4d9e\" data-element_type=\"widget\" data-widget_type=\"image.default\">\n\t\t\t\t<div class=\"elementor-widget-container\">\n\t\t\t\t\t\t\t\t\t\t\t\t\t\t\t<img width=\"150\" height=\"150\" src=\"https:\/\/karunatherapie.com\/wp-content\/uploads\/2022\/11\/Karuna-LOGO-1-150x150.png\" class=\"attachment-thumbnail size-thumbnail\" alt=\"\" loading=\"lazy\" \/>\t\t\t\t\t\t\t\t\t\t\t\t\t\t\t<\/div>\n\t\t\t\t<\/div>\n\t\t\t\t<div class=\"elementor-element elementor-element-23ab4f2 elementor-widget elementor-widget-text-editor\" data-id=\"23ab4f2\" data-element_type=\"widget\" data-widget_type=\"text-editor.default\">\n\t\t\t\t<div class=\"elementor-widget-container\">\n\t\t\t\t\t\t\t<p>\u00a0&#8211; Karuna Therapie &#8211;<\/p>\t\t\t\t\t\t<\/div>\n\t\t\t\t<\/div>\n\t\t\t\t<div class=\"elementor-element elementor-element-b893110 elementor-widget-divider--view-line elementor-widget elementor-widget-divider\" data-id=\"b893110\" data-element_type=\"widget\" data-widget_type=\"divider.default\">\n\t\t\t\t<div class=\"elementor-widget-container\">\n\t\t\t\t\t<div class=\"elementor-divider\">\n\t\t\t<span class=\"elementor-divider-separator\">\n\t\t\t\t\t\t<\/span>\n\t\t<\/div>\n\t\t\t\t<\/div>\n\t\t\t\t<\/div>\n\t\t\t\t\t<\/div>\n\t\t<\/div>\n\t\t\t\t\t\t\t<\/div>\n\t\t<\/section>\n\t\t\t\t\t\t\t<\/div>\n\t\t","protected":false},"excerpt":{"rendered":"<p>&#8211; Karuna Therapie &#8211; Bonjour \u00e0 tous. Je m&#8217;appelle Vincent et suis originaire de Gen\u00e8ve. Mon parcours de Th\u00e9rapeute d\u00e9bute en 2019. Suite \u00e0 l&#8217;obtention de mon dipl\u00f4me \u00e0 l&#8217;Ecole H\u00f4teli\u00e8re de Gen\u00e8ve, je d\u00e9cide de prendre une ann\u00e9e sabbatique.Plusieurs retraites spirituelles en Inde et en Am\u00e9rique Centrale m&#8217;incite \u00e0 d\u00e9velopper une pratique journali\u00e8re de<a class=\"more-link\" href=\"https:\/\/karunatherapie.com\/?page_id=23\">Continue reading <span class=\"screen-reader-text\">&#8220;\u00c0 Propos&#8221;<\/span><\/a><\/p>\n","protected":false},"author":2,"featured_media":0,"parent":0,"menu_order":0,"comment_status":"closed","ping_status":"closed","template":"","meta":{"_eb_attr":"","_monsterinsights_skip_tracking":false,"_monsterinsights_sitenote_active":false,"_monsterinsights_sitenote_note":"","_monsterinsights_sitenote_category":0},"aioseo_notices":[],"_links":{"self":[{"href":"https:\/\/karunatherapie.com\/index.php?rest_route=\/wp\/v2\/pages\/23"}],"collection":[{"href":"https:\/\/karunatherapie.com\/index.php?rest_route=\/wp\/v2\/pages"}],"about":[{"href":"https:\/\/karunatherapie.com\/index.php?rest_route=\/wp\/v2\/types\/page"}],"author":[{"embeddable":true,"href":"https:\/\/karunatherapie.com\/index.php?rest_route=\/wp\/v2\/users\/2"}],"replies":[{"embeddable":true,"href":"https:\/\/karunatherapie.com\/index.php?rest_route=%2Fwp%2Fv2%2Fcomments&post=23"}],"version-history":[{"count":18,"href":"https:\/\/karunatherapie.com\/index.php?rest_route=\/wp\/v2\/pages\/23\/revisions"}],"predecessor-version":[{"id":1285,"href":"https:\/\/karunatherapie.com\/index.php?rest_route=\/wp\/v2\/pages\/23\/revisions\/1285"}],"wp:attachment":[{"href":"https:\/\/karunatherapie.com\/index.php?rest_route=%2Fwp%2Fv2%2Fmedia&parent=23"}],"curies":[{"name":"wp","href":"https:\/\/api.w.org\/{rel}","templated":true}]}}