{"id":17,"date":"2021-09-14T13:03:03","date_gmt":"2021-09-14T13:03:03","guid":{"rendered":"https:\/\/karunatherapie.com\/?page_id=17"},"modified":"2024-10-09T12:10:46","modified_gmt":"2024-10-09T12:10:46","slug":"yoga","status":"publish","type":"page","link":"https:\/\/karunatherapie.com\/?page_id=17","title":{"rendered":"Yoga &amp; Meditation"},"content":{"rendered":"\t\t<div data-elementor-type=\"wp-page\" data-elementor-id=\"17\" class=\"elementor elementor-17\">\n\t\t\t\t\t\t\t\t\t<section class=\"elementor-section elementor-top-section elementor-element elementor-element-71e9144 elementor-section-boxed elementor-section-height-default elementor-section-height-default\" data-id=\"71e9144\" data-element_type=\"section\">\n\t\t\t\t\t\t<div class=\"elementor-container elementor-column-gap-default\">\n\t\t\t\t\t<div class=\"elementor-column elementor-col-100 elementor-top-column elementor-element elementor-element-0804f78\" data-id=\"0804f78\" data-element_type=\"column\">\n\t\t\t<div class=\"elementor-widget-wrap elementor-element-populated\">\n\t\t\t\t\t\t\t\t<div class=\"elementor-element elementor-element-aa031e4 elementor-widget elementor-widget-text-editor\" data-id=\"aa031e4\" data-element_type=\"widget\" data-widget_type=\"text-editor.default\">\n\t\t\t\t<div class=\"elementor-widget-container\">\n\t\t\t<style>\/*! elementor - v3.7.8 - 02-10-2022 *\/\n.elementor-widget-text-editor.elementor-drop-cap-view-stacked .elementor-drop-cap{background-color:#818a91;color:#fff}.elementor-widget-text-editor.elementor-drop-cap-view-framed .elementor-drop-cap{color:#818a91;border:3px solid;background-color:transparent}.elementor-widget-text-editor:not(.elementor-drop-cap-view-default) .elementor-drop-cap{margin-top:8px}.elementor-widget-text-editor:not(.elementor-drop-cap-view-default) .elementor-drop-cap-letter{width:1em;height:1em}.elementor-widget-text-editor .elementor-drop-cap{float:left;text-align:center;line-height:1;font-size:50px}.elementor-widget-text-editor .elementor-drop-cap-letter{display:inline-block}<\/style>\t\t\t\t<p>\u00a0&#8211; Karuna Therapie &#8211;<\/p>\t\t\t\t\t\t<\/div>\n\t\t\t\t<\/div>\n\t\t\t\t<div class=\"elementor-element elementor-element-b8a0d99 elementor-widget elementor-widget-text-editor\" data-id=\"b8a0d99\" data-element_type=\"widget\" data-widget_type=\"text-editor.default\">\n\t\t\t\t<div class=\"elementor-widget-container\">\n\t\t\t\t\t\t\t<p>Mes cours de Yoga sont:<\/p><p>\u00a0<\/p><p><b>Tous les mercredis<\/b> \u00e0 18h30 au Paquis, 21 rue du prieur\u00e9.<\/p><p>\u00a0<\/p><p><b>Tous les lundis<\/b> \u00e0 10h \u00e0 painpalais<br \/><span contenteditable=\"true\" data-placeholder=\"\" data-focused-advice=\"\" data-tribute=\"true\">Adresse: Chez Poppy, Rue Pr\u00e9vost-Martin 47, 1205 Gen\u00e8ve<\/span><\/p>\t\t\t\t\t\t<\/div>\n\t\t\t\t<\/div>\n\t\t\t\t<div class=\"elementor-element elementor-element-87afc52 elementor-widget elementor-widget-spacer\" data-id=\"87afc52\" data-element_type=\"widget\" data-widget_type=\"spacer.default\">\n\t\t\t\t<div class=\"elementor-widget-container\">\n\t\t\t<style>\/*! elementor - v3.7.8 - 02-10-2022 *\/\n.elementor-column .elementor-spacer-inner{height:var(--spacer-size)}.e-container{--container-widget-width:100%}.e-container>.elementor-widget-spacer{width:var(--container-widget-width,var(--spacer-size));-ms-flex-item-align:stretch;align-self:stretch;-ms-flex-negative:0;flex-shrink:0}.e-container>.elementor-widget-spacer>.elementor-widget-container,.e-container>.elementor-widget-spacer>.elementor-widget-container>.elementor-spacer{height:100%}.e-container>.elementor-widget-spacer>.elementor-widget-container>.elementor-spacer>.elementor-spacer-inner{height:var(--container-widget-height,var(--spacer-size))}<\/style>\t\t<div class=\"elementor-spacer\">\n\t\t\t<div class=\"elementor-spacer-inner\"><\/div>\n\t\t<\/div>\n\t\t\t\t<\/div>\n\t\t\t\t<\/div>\n\t\t\t\t<div class=\"elementor-element elementor-element-73b0927 elementor-widget elementor-widget-text-editor\" data-id=\"73b0927\" data-element_type=\"widget\" data-widget_type=\"text-editor.default\">\n\t\t\t\t<div class=\"elementor-widget-container\">\n\t\t\t\t\t\t\t<p><i>*Pour le cours au Paquis, passer le petit portail, derni\u00e8re porte au fond du patio<\/i><\/p>\t\t\t\t\t\t<\/div>\n\t\t\t\t<\/div>\n\t\t\t\t\t<\/div>\n\t\t<\/div>\n\t\t\t\t\t\t\t<\/div>\n\t\t<\/section>\n\t\t\t\t<section class=\"elementor-section elementor-top-section elementor-element elementor-element-48cc0056 elementor-section-content-middle elementor-section-boxed elementor-section-height-default elementor-section-height-default\" data-id=\"48cc0056\" data-element_type=\"section\">\n\t\t\t\t\t\t<div class=\"elementor-container elementor-column-gap-no\">\n\t\t\t\t\t<div class=\"elementor-column elementor-col-50 elementor-top-column elementor-element elementor-element-4647bdd6\" data-id=\"4647bdd6\" data-element_type=\"column\">\n\t\t\t<div class=\"elementor-widget-wrap elementor-element-populated\">\n\t\t\t\t\t\t\t\t<div class=\"elementor-element elementor-element-62e6c0d4 elementor-widget elementor-widget-image\" data-id=\"62e6c0d4\" data-element_type=\"widget\" data-widget_type=\"image.default\">\n\t\t\t\t<div class=\"elementor-widget-container\">\n\t\t\t<style>\/*! elementor - v3.7.8 - 02-10-2022 *\/\n.elementor-widget-image{text-align:center}.elementor-widget-image a{display:inline-block}.elementor-widget-image a img[src$=\".svg\"]{width:48px}.elementor-widget-image img{vertical-align:middle;display:inline-block}<\/style>\t\t\t\t\t\t\t\t\t\t\t\t<img width=\"1063\" height=\"1659\" src=\"https:\/\/karunatherapie.com\/wp-content\/uploads\/2022\/10\/Hatha-Yoga-Pradipika-1.jpg\" class=\"attachment-full size-full\" alt=\"\" loading=\"lazy\" srcset=\"https:\/\/karunatherapie.com\/wp-content\/uploads\/2022\/10\/Hatha-Yoga-Pradipika-1.jpg 1063w, https:\/\/karunatherapie.com\/wp-content\/uploads\/2022\/10\/Hatha-Yoga-Pradipika-1-192x300.jpg 192w, https:\/\/karunatherapie.com\/wp-content\/uploads\/2022\/10\/Hatha-Yoga-Pradipika-1-656x1024.jpg 656w, https:\/\/karunatherapie.com\/wp-content\/uploads\/2022\/10\/Hatha-Yoga-Pradipika-1-768x1199.jpg 768w, https:\/\/karunatherapie.com\/wp-content\/uploads\/2022\/10\/Hatha-Yoga-Pradipika-1-984x1536.jpg 984w\" sizes=\"(max-width: 1063px) 100vw, 1063px\" \/>\t\t\t\t\t\t\t\t\t\t\t\t\t\t\t<\/div>\n\t\t\t\t<\/div>\n\t\t\t\t\t<\/div>\n\t\t<\/div>\n\t\t\t\t<div class=\"elementor-column elementor-col-50 elementor-top-column elementor-element elementor-element-6cca6168\" data-id=\"6cca6168\" data-element_type=\"column\">\n\t\t\t<div class=\"elementor-widget-wrap elementor-element-populated\">\n\t\t\t\t\t\t\t\t<div class=\"elementor-element elementor-element-25cb1e81 elementor-widget elementor-widget-heading\" data-id=\"25cb1e81\" data-element_type=\"widget\" data-widget_type=\"heading.default\">\n\t\t\t\t<div class=\"elementor-widget-container\">\n\t\t\t<style>\/*! elementor - v3.7.8 - 02-10-2022 *\/\n.elementor-heading-title{padding:0;margin:0;line-height:1}.elementor-widget-heading .elementor-heading-title[class*=elementor-size-]>a{color:inherit;font-size:inherit;line-height:inherit}.elementor-widget-heading .elementor-heading-title.elementor-size-small{font-size:15px}.elementor-widget-heading .elementor-heading-title.elementor-size-medium{font-size:19px}.elementor-widget-heading .elementor-heading-title.elementor-size-large{font-size:29px}.elementor-widget-heading .elementor-heading-title.elementor-size-xl{font-size:39px}.elementor-widget-heading .elementor-heading-title.elementor-size-xxl{font-size:59px}<\/style><h4 class=\"elementor-heading-title elementor-size-default\">Qu'est-ce que \nle Hatha Yoga<\/h4>\t\t<\/div>\n\t\t\t\t<\/div>\n\t\t\t\t<div class=\"elementor-element elementor-element-3de1dc15 elementor-widget elementor-widget-text-editor\" data-id=\"3de1dc15\" data-element_type=\"widget\" data-widget_type=\"text-editor.default\">\n\t\t\t\t<div class=\"elementor-widget-container\">\n\t\t\t\t\t\t\t<p>Le Hatha Yoga est une forme particuli\u00e8re de yoga qui vient de l&#8217;Inde sous l&#8217;impulsion premi\u00e8re du texte &#8220;Hatha Yoga Prad\u00eepik\u00e2&#8221;.\u00a0<\/p><p>Il signifie \u00ab\u00a0yoga de l&#8217;effort\u00a0\u00bb et concerne principalement l&#8217;\u00e9veil spirituel par des postures maintenues durant plusieurs minutes.\u00a0<\/p><p>Aujourd&#8217;hui, on retrouve \u00e0 travers le monde une grande vari\u00e9t\u00e9 de pratique de Hatha Yoga, qui d\u00e9rivent toutes de mani\u00e8re plus ou moins importante de la pratique d&#8217;origine.<\/p>\t\t\t\t\t\t<\/div>\n\t\t\t\t<\/div>\n\t\t\t\t\t<\/div>\n\t\t<\/div>\n\t\t\t\t\t\t\t<\/div>\n\t\t<\/section>\n\t\t\t\t<section class=\"elementor-section elementor-top-section elementor-element elementor-element-41a8d6c8 elementor-section-full_width elementor-section-content-middle elementor-section-height-default elementor-section-height-default\" data-id=\"41a8d6c8\" data-element_type=\"section\">\n\t\t\t\t\t\t<div class=\"elementor-container elementor-column-gap-no\">\n\t\t\t\t\t<div class=\"elementor-column elementor-col-50 elementor-top-column elementor-element elementor-element-4560b210\" data-id=\"4560b210\" data-element_type=\"column\">\n\t\t\t<div class=\"elementor-widget-wrap elementor-element-populated\">\n\t\t\t\t\t\t\t\t<div class=\"elementor-element elementor-element-5b8e243 elementor-widget elementor-widget-heading\" data-id=\"5b8e243\" data-element_type=\"widget\" data-widget_type=\"heading.default\">\n\t\t\t\t<div class=\"elementor-widget-container\">\n\t\t\t<h2 class=\"elementor-heading-title elementor-size-default\">Le Hatha Yoga que j'enseigne<\/h2>\t\t<\/div>\n\t\t\t\t<\/div>\n\t\t\t\t<div class=\"elementor-element elementor-element-70722a72 elementor-widget elementor-widget-text-editor\" data-id=\"70722a72\" data-element_type=\"widget\" data-widget_type=\"text-editor.default\">\n\t\t\t\t<div class=\"elementor-widget-container\">\n\t\t\t\t\t\t\t<p style=\"margin-top: 32px; margin-bottom: 32px; color: #7a7a7a; font-size: 20px;\">A Karuna Therapie, le Hatha Yoga que je pratique et enseigne s&#8217;inspire en grande partie de l&#8217;\u00e9cole &#8220;Hridaya Yoga&#8221;, fond\u00e9e par Sahajananda. C&#8217;est une forme de yoga lente, pratiqu\u00e9e en conscience, cultivant une attitude d&#8217;int\u00e9riorisation et de contemplation lors de chaque mouvement.<\/p><p style=\"margin-top: 32px; margin-bottom: 32px; color: #7a7a7a; font-size: 20px;\">Cette pratique permet d&#8217;am\u00e9liorer souplesse, force et \u00e9quilibre physique tout en allant bien au-del\u00e0. Le but final recherch\u00e9 \u00e9tant une prise de conscience de son corps physique, \u00e9nerg\u00e9tique ainsi qu&#8217;une plus grande pr\u00e9sence \u00e0 Soi.<\/p>\t\t\t\t\t\t<\/div>\n\t\t\t\t<\/div>\n\t\t\t\t\t<\/div>\n\t\t<\/div>\n\t\t\t\t<div class=\"elementor-column elementor-col-50 elementor-top-column elementor-element elementor-element-4275e605\" data-id=\"4275e605\" data-element_type=\"column\">\n\t\t\t<div class=\"elementor-widget-wrap elementor-element-populated\">\n\t\t\t\t\t\t\t\t<div class=\"elementor-element elementor-element-7fb26e6c elementor-widget elementor-widget-image\" data-id=\"7fb26e6c\" data-element_type=\"widget\" data-widget_type=\"image.default\">\n\t\t\t\t<div class=\"elementor-widget-container\">\n\t\t\t\t\t\t\t\t\t\t\t\t\t\t\t<img width=\"1707\" height=\"2560\" src=\"https:\/\/karunatherapie.com\/wp-content\/uploads\/2022\/10\/PortraitsVincent_\u00a9AlineBovardRudaz_012-scaled.jpg\" class=\"attachment-full size-full\" alt=\"\" loading=\"lazy\" srcset=\"https:\/\/karunatherapie.com\/wp-content\/uploads\/2022\/10\/PortraitsVincent_\u00a9AlineBovardRudaz_012-scaled.jpg 1707w, https:\/\/karunatherapie.com\/wp-content\/uploads\/2022\/10\/PortraitsVincent_\u00a9AlineBovardRudaz_012-200x300.jpg 200w, https:\/\/karunatherapie.com\/wp-content\/uploads\/2022\/10\/PortraitsVincent_\u00a9AlineBovardRudaz_012-683x1024.jpg 683w, https:\/\/karunatherapie.com\/wp-content\/uploads\/2022\/10\/PortraitsVincent_\u00a9AlineBovardRudaz_012-768x1152.jpg 768w, https:\/\/karunatherapie.com\/wp-content\/uploads\/2022\/10\/PortraitsVincent_\u00a9AlineBovardRudaz_012-1024x1536.jpg 1024w, https:\/\/karunatherapie.com\/wp-content\/uploads\/2022\/10\/PortraitsVincent_\u00a9AlineBovardRudaz_012-1365x2048.jpg 1365w, https:\/\/karunatherapie.com\/wp-content\/uploads\/2022\/10\/PortraitsVincent_\u00a9AlineBovardRudaz_012-1568x2352.jpg 1568w\" sizes=\"(max-width: 1707px) 100vw, 1707px\" \/>\t\t\t\t\t\t\t\t\t\t\t\t\t\t\t<\/div>\n\t\t\t\t<\/div>\n\t\t\t\t\t<\/div>\n\t\t<\/div>\n\t\t\t\t\t\t\t<\/div>\n\t\t<\/section>\n\t\t\t\t<section class=\"elementor-section elementor-top-section elementor-element elementor-element-ea98562 elementor-section-boxed elementor-section-height-default elementor-section-height-default\" data-id=\"ea98562\" data-element_type=\"section\">\n\t\t\t\t\t\t<div class=\"elementor-container elementor-column-gap-default\">\n\t\t\t\t\t<div class=\"elementor-column elementor-col-100 elementor-top-column elementor-element elementor-element-a4566b3\" data-id=\"a4566b3\" data-element_type=\"column\">\n\t\t\t<div class=\"elementor-widget-wrap elementor-element-populated\">\n\t\t\t\t\t\t\t\t<div class=\"elementor-element elementor-element-d5b77de elementor-widget elementor-widget-text-editor\" data-id=\"d5b77de\" data-element_type=\"widget\" data-widget_type=\"text-editor.default\">\n\t\t\t\t<div class=\"elementor-widget-container\">\n\t\t\t\t\t\t\t<p class=\"has-text-align-left\">Une s\u00e9ance &#8220;classique&#8221; dure entre 1h et 1h30. Elle d\u00e9bute habituellement par un moment de reconnexion au corps, suivi de mouvements d&#8217;assouplissements dynamiques. On maintient ensuite une s\u00e9rie de postures (asanas) puis on termine par une d\u00e9tente globale ou un exercice de respiration (pranayama).<\/p>\n<p class=\"has-text-align-left\"><br><\/p>\n<p><\/p>\n<p class=\"has-text-align-center\"><em>&#8211;&nbsp;<em>Ce type de Yoga est accessible \u00e0 tous:<\/em><\/em><br>Gra<em><em>nd.e.s, petit.e.s, jeune.s, \u00e2g\u00e9.e.s, souple.s, pas souple<\/em>.s &#8211;<\/em><\/p>\t\t\t\t\t\t<\/div>\n\t\t\t\t<\/div>\n\t\t\t\t\t<\/div>\n\t\t<\/div>\n\t\t\t\t\t\t\t<\/div>\n\t\t<\/section>\n\t\t\t\t<section class=\"elementor-section elementor-top-section elementor-element elementor-element-7b7d62ac elementor-section-content-middle elementor-section-boxed elementor-section-height-default elementor-section-height-default\" data-id=\"7b7d62ac\" data-element_type=\"section\" data-settings=\"{&quot;background_background&quot;:&quot;classic&quot;}\">\n\t\t\t\t\t\t<div class=\"elementor-container elementor-column-gap-default\">\n\t\t\t\t\t<div class=\"elementor-column elementor-col-100 elementor-top-column elementor-element elementor-element-6d71eb28\" data-id=\"6d71eb28\" data-element_type=\"column\">\n\t\t\t<div class=\"elementor-widget-wrap elementor-element-populated\">\n\t\t\t\t\t\t\t\t<div class=\"elementor-element elementor-element-ecf5e2a elementor-widget elementor-widget-heading\" data-id=\"ecf5e2a\" data-element_type=\"widget\" data-widget_type=\"heading.default\">\n\t\t\t\t<div class=\"elementor-widget-container\">\n\t\t\t<h2 class=\"elementor-heading-title elementor-size-default\">La Meditation que j'enseigne<\/h2>\t\t<\/div>\n\t\t\t\t<\/div>\n\t\t\t\t<div class=\"elementor-element elementor-element-619ec0e0 elementor-widget elementor-widget-image\" data-id=\"619ec0e0\" data-element_type=\"widget\" data-settings=\"{&quot;_animation&quot;:&quot;none&quot;}\" data-widget_type=\"image.default\">\n\t\t\t\t<div class=\"elementor-widget-container\">\n\t\t\t\t\t\t\t\t\t\t\t\t\t\t\t<img src=\"https:\/\/karunatherapie.com\/wp-content\/uploads\/2022\/10\/PortraitsVincent_\u00a9AlineBovardRudaz_007-scaled.jpg\" title=\"PortraitsVincent_\u00a9AlineBovardRudaz_007\" alt=\"PortraitsVincent_\u00a9AlineBovardRudaz_007\" \/>\t\t\t\t\t\t\t\t\t\t\t\t\t\t\t<\/div>\n\t\t\t\t<\/div>\n\t\t\t\t<div class=\"elementor-element elementor-element-60c66a5 elementor-widget elementor-widget-text-editor\" data-id=\"60c66a5\" data-element_type=\"widget\" data-widget_type=\"text-editor.default\">\n\t\t\t\t<div class=\"elementor-widget-container\">\n\t\t\t\t\t\t\t<p style=\"background-color: rgba(255, 255, 255, 0.26);\">A Karuna Therapie, la m\u00e9ditation que je pratique et enseigne se base \u00e9galement sur l&#8217;enseignement de l&#8217;\u00e9cole &#8220;Hridaya Yoga&#8221;. C&#8217;est une m\u00e9ditation fondamentalement bas\u00e9e sur une reconnexion au c\u0153ur, per\u00e7u alors comme centre \u00e9nerg\u00e9tique et spirituel. Cette pratique simple, directe et fondamentale se retrouve aussi bien dans l&#8217;Indouisme, le soufisme, le christianisme, le juda\u00efsme et le bouddhisme tib\u00e9tain ainsi que dans d&#8217;autres courants spirituels.<\/p><p style=\"background-color: rgba(255, 255, 255, 0.26);\">\u00a0<\/p><p style=\"background-color: rgba(255, 255, 255, 0.26);\">Elle se base principalement sur la conscience du centre-c\u0153ur (au centre de la poitrine), la prise de conscience de sa respiration ainsi que l&#8217;introspection de notre v\u00e9ritable nature.<\/p><p style=\"background-color: rgba(255, 255, 255, 0.26);\">\u00a0<\/p><p style=\"background-color: rgba(255, 255, 255, 0.26);\">L&#8217;un des ma\u00eetres m&#8217;ayant le plus inspir\u00e9 dans ma pratique se nomme\u00a0<em>&#8220;Ramana Maharshi&#8221;<\/em>. C&#8217;est un j\u00f1\u0101na-yogin et guru indien de l&#8217;Advaita Ved\u0101nta\u00a0<em>(philosphie de la non-dualit\u00e9)<\/em>. Son enseignement est essentiellement centr\u00e9 sur la notion du Soi et la question \u00ab Qui suis-je ? \u00bb.<\/p>\t\t\t\t\t\t<\/div>\n\t\t\t\t<\/div>\n\t\t\t\t\t<\/div>\n\t\t<\/div>\n\t\t\t\t\t\t\t<\/div>\n\t\t<\/section>\n\t\t\t\t<section class=\"elementor-section elementor-top-section elementor-element elementor-element-8158018 elementor-section-boxed elementor-section-height-default elementor-section-height-default\" data-id=\"8158018\" data-element_type=\"section\" data-settings=\"{&quot;background_background&quot;:&quot;classic&quot;}\">\n\t\t\t\t\t\t<div class=\"elementor-container elementor-column-gap-default\">\n\t\t\t\t\t<div class=\"elementor-column elementor-col-100 elementor-top-column elementor-element elementor-element-24e7548\" data-id=\"24e7548\" data-element_type=\"column\">\n\t\t\t<div class=\"elementor-widget-wrap elementor-element-populated\">\n\t\t\t\t\t\t\t\t<div class=\"elementor-element elementor-element-819254d elementor-widget elementor-widget-text-editor\" data-id=\"819254d\" data-element_type=\"widget\" data-widget_type=\"text-editor.default\">\n\t\t\t\t<div class=\"elementor-widget-container\">\n\t\t\t\t\t\t\t<p class=\"has-text-align-center\" style=\"font-weight: 600;\"><em><span style=\"font-weight: bolder;\">\u00ab\u00a0C\u2019est l\u00e0 que r\u00e9side le C\u0153ur, le C\u0153ur Spirituel dynamique. Il s\u2019appelle Hridaya, est situ\u00e9 sur le c\u00f4t\u00e9 droit de la poitrine et est clairement visible \u00e0 tout adepte du chemin spirituel qui utiliserait le regard int\u00e9rieur. Gr\u00e2ce \u00e0 la m\u00e9ditation, vous pouvez apprendre \u00e0 retrouver le Soi dans la caverne du c\u0153ur.\u00a0\u00bb<\/span><\/em><\/p>\n<p style=\"font-weight: 600; text-align: center;\"><em><span style=\"font-weight: bolder;\">~ Sri Ramana Maharshi~<\/span><\/em><\/p>\t\t\t\t\t\t<\/div>\n\t\t\t\t<\/div>\n\t\t\t\t\t<\/div>\n\t\t<\/div>\n\t\t\t\t\t\t\t<\/div>\n\t\t<\/section>\n\t\t\t\t<section class=\"elementor-section elementor-top-section elementor-element elementor-element-5510776 elementor-section-boxed elementor-section-height-default elementor-section-height-default\" data-id=\"5510776\" data-element_type=\"section\">\n\t\t\t\t\t\t<div class=\"elementor-container elementor-column-gap-default\">\n\t\t\t\t\t<div class=\"elementor-column elementor-col-100 elementor-top-column elementor-element elementor-element-82c3f89\" data-id=\"82c3f89\" data-element_type=\"column\">\n\t\t\t<div class=\"elementor-widget-wrap elementor-element-populated\">\n\t\t\t\t\t\t\t\t<div class=\"elementor-element elementor-element-4bad166 elementor-widget-divider--view-line elementor-widget elementor-widget-divider\" data-id=\"4bad166\" data-element_type=\"widget\" data-widget_type=\"divider.default\">\n\t\t\t\t<div class=\"elementor-widget-container\">\n\t\t\t<style>\/*! elementor - v3.7.8 - 02-10-2022 *\/\n.elementor-widget-divider{--divider-border-style:none;--divider-border-width:1px;--divider-color:#2c2c2c;--divider-icon-size:20px;--divider-element-spacing:10px;--divider-pattern-height:24px;--divider-pattern-size:20px;--divider-pattern-url:none;--divider-pattern-repeat:repeat-x}.elementor-widget-divider .elementor-divider{display:-webkit-box;display:-ms-flexbox;display:flex}.elementor-widget-divider .elementor-divider__text{font-size:15px;line-height:1;max-width:95%}.elementor-widget-divider .elementor-divider__element{margin:0 var(--divider-element-spacing);-ms-flex-negative:0;flex-shrink:0}.elementor-widget-divider .elementor-icon{font-size:var(--divider-icon-size)}.elementor-widget-divider .elementor-divider-separator{display:-webkit-box;display:-ms-flexbox;display:flex;margin:0;direction:ltr}.elementor-widget-divider--view-line_icon .elementor-divider-separator,.elementor-widget-divider--view-line_text .elementor-divider-separator{-webkit-box-align:center;-ms-flex-align:center;align-items:center}.elementor-widget-divider--view-line_icon .elementor-divider-separator:after,.elementor-widget-divider--view-line_icon .elementor-divider-separator:before,.elementor-widget-divider--view-line_text .elementor-divider-separator:after,.elementor-widget-divider--view-line_text .elementor-divider-separator:before{display:block;content:\"\";border-bottom:0;-webkit-box-flex:1;-ms-flex-positive:1;flex-grow:1;border-top:var(--divider-border-width) var(--divider-border-style) var(--divider-color)}.elementor-widget-divider--element-align-left .elementor-divider .elementor-divider-separator>.elementor-divider__svg:first-of-type{-webkit-box-flex:0;-ms-flex-positive:0;flex-grow:0;-ms-flex-negative:100;flex-shrink:100}.elementor-widget-divider--element-align-left .elementor-divider-separator:before{content:none}.elementor-widget-divider--element-align-left .elementor-divider__element{margin-left:0}.elementor-widget-divider--element-align-right .elementor-divider .elementor-divider-separator>.elementor-divider__svg:last-of-type{-webkit-box-flex:0;-ms-flex-positive:0;flex-grow:0;-ms-flex-negative:100;flex-shrink:100}.elementor-widget-divider--element-align-right .elementor-divider-separator:after{content:none}.elementor-widget-divider--element-align-right .elementor-divider__element{margin-right:0}.elementor-widget-divider:not(.elementor-widget-divider--view-line_text):not(.elementor-widget-divider--view-line_icon) .elementor-divider-separator{border-top:var(--divider-border-width) var(--divider-border-style) var(--divider-color)}.elementor-widget-divider--separator-type-pattern{--divider-border-style:none}.elementor-widget-divider--separator-type-pattern.elementor-widget-divider--view-line .elementor-divider-separator,.elementor-widget-divider--separator-type-pattern:not(.elementor-widget-divider--view-line) .elementor-divider-separator:after,.elementor-widget-divider--separator-type-pattern:not(.elementor-widget-divider--view-line) .elementor-divider-separator:before,.elementor-widget-divider--separator-type-pattern:not([class*=elementor-widget-divider--view]) .elementor-divider-separator{width:100%;min-height:var(--divider-pattern-height);-webkit-mask-size:var(--divider-pattern-size) 100%;mask-size:var(--divider-pattern-size) 100%;-webkit-mask-repeat:var(--divider-pattern-repeat);mask-repeat:var(--divider-pattern-repeat);background-color:var(--divider-color);-webkit-mask-image:var(--divider-pattern-url);mask-image:var(--divider-pattern-url)}.elementor-widget-divider--no-spacing{--divider-pattern-size:auto}.elementor-widget-divider--bg-round{--divider-pattern-repeat:round}.rtl .elementor-widget-divider .elementor-divider__text{direction:rtl}.e-container>.elementor-widget-divider{width:var(--container-widget-width,100%);--flex-grow:var(--container-widget-flex-grow,0)}<\/style>\t\t<div class=\"elementor-divider\">\n\t\t\t<span class=\"elementor-divider-separator\">\n\t\t\t\t\t\t<\/span>\n\t\t<\/div>\n\t\t\t\t<\/div>\n\t\t\t\t<\/div>\n\t\t\t\t<div class=\"elementor-element elementor-element-3ad755b elementor-widget elementor-widget-image\" data-id=\"3ad755b\" data-element_type=\"widget\" data-widget_type=\"image.default\">\n\t\t\t\t<div class=\"elementor-widget-container\">\n\t\t\t\t\t\t\t\t\t\t\t\t\t\t\t<img width=\"150\" height=\"150\" src=\"https:\/\/karunatherapie.com\/wp-content\/uploads\/2022\/11\/Karuna-LOGO-1-150x150.png\" class=\"attachment-thumbnail size-thumbnail\" alt=\"\" loading=\"lazy\" \/>\t\t\t\t\t\t\t\t\t\t\t\t\t\t\t<\/div>\n\t\t\t\t<\/div>\n\t\t\t\t<div class=\"elementor-element elementor-element-e95030b elementor-widget elementor-widget-text-editor\" data-id=\"e95030b\" data-element_type=\"widget\" data-widget_type=\"text-editor.default\">\n\t\t\t\t<div class=\"elementor-widget-container\">\n\t\t\t\t\t\t\t<p>\u00a0&#8211; Karuna Therapie &#8211;<\/p>\t\t\t\t\t\t<\/div>\n\t\t\t\t<\/div>\n\t\t\t\t<div class=\"elementor-element elementor-element-680c4c5 elementor-widget-divider--view-line elementor-widget elementor-widget-divider\" data-id=\"680c4c5\" data-element_type=\"widget\" data-widget_type=\"divider.default\">\n\t\t\t\t<div class=\"elementor-widget-container\">\n\t\t\t\t\t<div class=\"elementor-divider\">\n\t\t\t<span class=\"elementor-divider-separator\">\n\t\t\t\t\t\t<\/span>\n\t\t<\/div>\n\t\t\t\t<\/div>\n\t\t\t\t<\/div>\n\t\t\t\t\t<\/div>\n\t\t<\/div>\n\t\t\t\t\t\t\t<\/div>\n\t\t<\/section>\n\t\t\t\t\t\t\t<\/div>\n\t\t","protected":false},"excerpt":{"rendered":"<p>\u00a0&#8211; Karuna Therapie &#8211; Mes cours de Yoga sont: \u00a0 Tous les mercredis \u00e0 18h30 au Paquis, 21 rue du prieur\u00e9. \u00a0 Tous les lundis \u00e0 10h \u00e0 painpalaisAdresse: Chez Poppy, Rue Pr\u00e9vost-Martin 47, 1205 Gen\u00e8ve *Pour le cours au Paquis, passer le petit portail, derni\u00e8re porte au fond du patio Qu&#8217;est-ce que le Hatha<a class=\"more-link\" href=\"https:\/\/karunatherapie.com\/?page_id=17\">Continue reading <span class=\"screen-reader-text\">&#8220;Yoga &amp; Meditation&#8221;<\/span><\/a><\/p>\n","protected":false},"author":2,"featured_media":0,"parent":0,"menu_order":0,"comment_status":"closed","ping_status":"closed","template":"","meta":{"_eb_attr":"","_monsterinsights_skip_tracking":false,"_monsterinsights_sitenote_active":false,"_monsterinsights_sitenote_note":"","_monsterinsights_sitenote_category":0},"aioseo_notices":[],"_links":{"self":[{"href":"https:\/\/karunatherapie.com\/index.php?rest_route=\/wp\/v2\/pages\/17"}],"collection":[{"href":"https:\/\/karunatherapie.com\/index.php?rest_route=\/wp\/v2\/pages"}],"about":[{"href":"https:\/\/karunatherapie.com\/index.php?rest_route=\/wp\/v2\/types\/page"}],"author":[{"embeddable":true,"href":"https:\/\/karunatherapie.com\/index.php?rest_route=\/wp\/v2\/users\/2"}],"replies":[{"embeddable":true,"href":"https:\/\/karunatherapie.com\/index.php?rest_route=%2Fwp%2Fv2%2Fcomments&post=17"}],"version-history":[{"count":37,"href":"https:\/\/karunatherapie.com\/index.php?rest_route=\/wp\/v2\/pages\/17\/revisions"}],"predecessor-version":[{"id":1242,"href":"https:\/\/karunatherapie.com\/index.php?rest_route=\/wp\/v2\/pages\/17\/revisions\/1242"}],"wp:attachment":[{"href":"https:\/\/karunatherapie.com\/index.php?rest_route=%2Fwp%2Fv2%2Fmedia&parent=17"}],"curies":[{"name":"wp","href":"https:\/\/api.w.org\/{rel}","templated":true}]}}